{"id":84,"date":"2021-05-06T14:36:01","date_gmt":"2021-05-06T11:36:01","guid":{"rendered":"http:\/\/matinmusiikki.fi\/?page_id=84"},"modified":"2025-06-18T16:02:09","modified_gmt":"2025-06-18T13:02:09","slug":"ukk","status":"publish","type":"page","link":"https:\/\/matinmusiikki.fi\/en\/ukk\/","title":{"rendered":"FAQ"},"content":{"rendered":"<div data-elementor-type=\"wp-page\" data-elementor-id=\"84\" class=\"elementor elementor-84\">\n\t\t\t\t\t\t<section class=\"elementor-section elementor-top-section elementor-element elementor-element-f05d2d5 elementor-section-boxed elementor-section-height-default elementor-section-height-default elementor-invisible\" data-id=\"f05d2d5\" data-element_type=\"section\" data-e-type=\"section\" data-settings=\"{&quot;animation&quot;:&quot;fadeIn&quot;}\">\n\t\t\t\t\t\t<div class=\"elementor-container elementor-column-gap-default\">\n\t\t\t\t\t<div class=\"elementor-column elementor-col-100 elementor-top-column elementor-element elementor-element-2926c84\" data-id=\"2926c84\" data-element_type=\"column\" data-e-type=\"column\">\n\t\t\t<div class=\"elementor-widget-wrap elementor-element-populated\">\n\t\t\t\t\t\t<div class=\"elementor-element elementor-element-c5536a0 elementor-widget elementor-widget-heading\" data-id=\"c5536a0\" data-element_type=\"widget\" data-e-type=\"widget\" data-widget_type=\"heading.default\">\n\t\t\t\t<div class=\"elementor-widget-container\">\n\t\t\t\t\t<h1 class=\"elementor-heading-title elementor-size-default\">FAQ<\/h1>\t\t\t\t<\/div>\n\t\t\t\t<\/div>\n\t\t\t\t\t<\/div>\n\t\t<\/div>\n\t\t\t\t\t<\/div>\n\t\t<\/section>\n\t\t\t\t<section class=\"elementor-section elementor-top-section elementor-element elementor-element-158e0ed elementor-reverse-tablet elementor-reverse-mobile elementor-section-boxed elementor-section-height-default elementor-section-height-default\" data-id=\"158e0ed\" data-element_type=\"section\" data-e-type=\"section\">\n\t\t\t\t\t\t<div class=\"elementor-container elementor-column-gap-default\">\n\t\t\t\t\t<div class=\"elementor-column elementor-col-50 elementor-top-column elementor-element elementor-element-b42f9a8\" data-id=\"b42f9a8\" data-element_type=\"column\" data-e-type=\"column\">\n\t\t\t<div class=\"elementor-widget-wrap elementor-element-populated\">\n\t\t\t\t\t\t<div class=\"elementor-element elementor-element-ac192d9 elementor-invisible elementor-widget elementor-widget-accordion\" data-id=\"ac192d9\" data-element_type=\"widget\" data-e-type=\"widget\" data-settings=\"{&quot;_animation&quot;:&quot;fadeIn&quot;}\" data-widget_type=\"accordion.default\">\n\t\t\t\t<div class=\"elementor-widget-container\">\n\t\t\t\t\t\t\t<div class=\"elementor-accordion\">\n\t\t\t\t\t\t\t<div class=\"elementor-accordion-item\">\n\t\t\t\t\t<div id=\"elementor-tab-title-1801\" class=\"elementor-tab-title\" data-tab=\"1\" role=\"button\" aria-controls=\"elementor-tab-content-1801\" aria-expanded=\"false\">\n\t\t\t\t\t\t\t\t\t\t\t\t\t<span class=\"elementor-accordion-icon elementor-accordion-icon-left\" aria-hidden=\"true\">\n\t\t\t\t\t\t\t\t\t\t\t\t\t\t\t<span class=\"elementor-accordion-icon-closed\"><i class=\"fas fa-plus\"><\/i><\/span>\n\t\t\t\t\t\t\t\t<span class=\"elementor-accordion-icon-opened\"><i class=\"fas fa-minus\"><\/i><\/span>\n\t\t\t\t\t\t\t\t\t\t\t\t\t\t<\/span>\n\t\t\t\t\t\t\t\t\t\t\t\t<a class=\"elementor-accordion-title\" tabindex=\"0\">How can I start playing?<\/a>\n\t\t\t\t\t<\/div>\n\t\t\t\t\t<div id=\"elementor-tab-content-1801\" class=\"elementor-tab-content elementor-clearfix\" data-tab=\"1\" role=\"region\" aria-labelledby=\"elementor-tab-title-1801\"><p>Contact me using the contact form on the website. We will arrange an introductory lesson where we can go through your wishes on learning music.<\/p><\/div>\n\t\t\t\t<\/div>\n\t\t\t\t\t\t\t<div class=\"elementor-accordion-item\">\n\t\t\t\t\t<div id=\"elementor-tab-title-1802\" class=\"elementor-tab-title\" data-tab=\"2\" role=\"button\" aria-controls=\"elementor-tab-content-1802\" aria-expanded=\"false\">\n\t\t\t\t\t\t\t\t\t\t\t\t\t<span class=\"elementor-accordion-icon elementor-accordion-icon-left\" aria-hidden=\"true\">\n\t\t\t\t\t\t\t\t\t\t\t\t\t\t\t<span class=\"elementor-accordion-icon-closed\"><i class=\"fas fa-plus\"><\/i><\/span>\n\t\t\t\t\t\t\t\t<span class=\"elementor-accordion-icon-opened\"><i class=\"fas fa-minus\"><\/i><\/span>\n\t\t\t\t\t\t\t\t\t\t\t\t\t\t<\/span>\n\t\t\t\t\t\t\t\t\t\t\t\t<a class=\"elementor-accordion-title\" tabindex=\"0\">Should I start playing?<\/a>\n\t\t\t\t\t<\/div>\n\t\t\t\t\t<div id=\"elementor-tab-content-1802\" class=\"elementor-tab-content elementor-clearfix\" data-tab=\"2\" role=\"region\" aria-labelledby=\"elementor-tab-title-1802\"><p>Yes! Playing music is incredible! Music creates content for life and is an excellent tool for self-expression. It\u2019s fantastic to see our skills improve while playing our favourite songs, especially with other people. Practising increases perseverance and the ability to work for progress. <a href=\"https:\/\/yle.fi\/aihe\/artikkeli\/2021\/02\/06\/onko-mitaan-jarkea-opetella-pianonsoittoa-aikuisena\" target=\"_blank\" rel=\"noopener\">Playing music develops emotional life, auditory and motor areas, language skills and attentiveness, particularly in children (linked article in Finnish).<\/a><\/p><\/div>\n\t\t\t\t<\/div>\n\t\t\t\t\t\t\t<div class=\"elementor-accordion-item\">\n\t\t\t\t\t<div id=\"elementor-tab-title-1803\" class=\"elementor-tab-title\" data-tab=\"3\" role=\"button\" aria-controls=\"elementor-tab-content-1803\" aria-expanded=\"false\">\n\t\t\t\t\t\t\t\t\t\t\t\t\t<span class=\"elementor-accordion-icon elementor-accordion-icon-left\" aria-hidden=\"true\">\n\t\t\t\t\t\t\t\t\t\t\t\t\t\t\t<span class=\"elementor-accordion-icon-closed\"><i class=\"fas fa-plus\"><\/i><\/span>\n\t\t\t\t\t\t\t\t<span class=\"elementor-accordion-icon-opened\"><i class=\"fas fa-minus\"><\/i><\/span>\n\t\t\t\t\t\t\t\t\t\t\t\t\t\t<\/span>\n\t\t\t\t\t\t\t\t\t\t\t\t<a class=\"elementor-accordion-title\" tabindex=\"0\">Do I need a teacher to learn music?<\/a>\n\t\t\t\t\t<\/div>\n\t\t\t\t\t<div id=\"elementor-tab-content-1803\" class=\"elementor-tab-content elementor-clearfix\" data-tab=\"3\" role=\"region\" aria-labelledby=\"elementor-tab-title-1803\"><div>\n<p>Development is faster with the help of a teacher. I give feedback on the student\u2019s playing and correct flawed playing positions. I advise how the student should play difficult sections and how to make the tone better. Attending lessons regularly gives structure to the playing hobby. I find songs that are suitable for the student\u2019s level and wishes.<\/p>\n<\/div><\/div>\n\t\t\t\t<\/div>\n\t\t\t\t\t\t\t<div class=\"elementor-accordion-item\">\n\t\t\t\t\t<div id=\"elementor-tab-title-1804\" class=\"elementor-tab-title\" data-tab=\"4\" role=\"button\" aria-controls=\"elementor-tab-content-1804\" aria-expanded=\"false\">\n\t\t\t\t\t\t\t\t\t\t\t\t\t<span class=\"elementor-accordion-icon elementor-accordion-icon-left\" aria-hidden=\"true\">\n\t\t\t\t\t\t\t\t\t\t\t\t\t\t\t<span class=\"elementor-accordion-icon-closed\"><i class=\"fas fa-plus\"><\/i><\/span>\n\t\t\t\t\t\t\t\t<span class=\"elementor-accordion-icon-opened\"><i class=\"fas fa-minus\"><\/i><\/span>\n\t\t\t\t\t\t\t\t\t\t\t\t\t\t<\/span>\n\t\t\t\t\t\t\t\t\t\t\t\t<a class=\"elementor-accordion-title\" tabindex=\"0\">Is playing an instrument difficult?<\/a>\n\t\t\t\t\t<\/div>\n\t\t\t\t\t<div id=\"elementor-tab-content-1804\" class=\"elementor-tab-content elementor-clearfix\" data-tab=\"4\" role=\"region\" aria-labelledby=\"elementor-tab-title-1804\"><p>We will start with the basics, which aren\u2019t hard to learn. As skills gradually evolve, we move forward step by step, making no single aspect of playing seem impossible.<\/p><\/div>\n\t\t\t\t<\/div>\n\t\t\t\t\t\t\t<div class=\"elementor-accordion-item\">\n\t\t\t\t\t<div id=\"elementor-tab-title-1805\" class=\"elementor-tab-title\" data-tab=\"5\" role=\"button\" aria-controls=\"elementor-tab-content-1805\" aria-expanded=\"false\">\n\t\t\t\t\t\t\t\t\t\t\t\t\t<span class=\"elementor-accordion-icon elementor-accordion-icon-left\" aria-hidden=\"true\">\n\t\t\t\t\t\t\t\t\t\t\t\t\t\t\t<span class=\"elementor-accordion-icon-closed\"><i class=\"fas fa-plus\"><\/i><\/span>\n\t\t\t\t\t\t\t\t<span class=\"elementor-accordion-icon-opened\"><i class=\"fas fa-minus\"><\/i><\/span>\n\t\t\t\t\t\t\t\t\t\t\t\t\t\t<\/span>\n\t\t\t\t\t\t\t\t\t\t\t\t<a class=\"elementor-accordion-title\" tabindex=\"0\">What do I need to play?<\/a>\n\t\t\t\t\t<\/div>\n\t\t\t\t\t<div id=\"elementor-tab-content-1805\" class=\"elementor-tab-content elementor-clearfix\" data-tab=\"5\" role=\"region\" aria-labelledby=\"elementor-tab-title-1805\"><p>You need a good instrument, enthusiasm and perseverance to practice!<\/p><p>Pianists need a 61-keyboard synth, preferably a full-length electric piano or acoustic piano (88 keyboards). The sustain pedal is an integral part of the sound of the piano. Still, it is not mandatory in the early stages of playing.<\/p><p>Guitarists, bassists and ukulele players need an instrument that fits the size of the player. An electric guitar and bass need an amp and a cable, although you can start without them.<\/p><p>Drummers need an (electric) drum kit and drum sticks.<\/p><p>A music stand makes it easier to read the playing material.<\/p><\/div>\n\t\t\t\t<\/div>\n\t\t\t\t\t\t\t<div class=\"elementor-accordion-item\">\n\t\t\t\t\t<div id=\"elementor-tab-title-1806\" class=\"elementor-tab-title\" data-tab=\"6\" role=\"button\" aria-controls=\"elementor-tab-content-1806\" aria-expanded=\"false\">\n\t\t\t\t\t\t\t\t\t\t\t\t\t<span class=\"elementor-accordion-icon elementor-accordion-icon-left\" aria-hidden=\"true\">\n\t\t\t\t\t\t\t\t\t\t\t\t\t\t\t<span class=\"elementor-accordion-icon-closed\"><i class=\"fas fa-plus\"><\/i><\/span>\n\t\t\t\t\t\t\t\t<span class=\"elementor-accordion-icon-opened\"><i class=\"fas fa-minus\"><\/i><\/span>\n\t\t\t\t\t\t\t\t\t\t\t\t\t\t<\/span>\n\t\t\t\t\t\t\t\t\t\t\t\t<a class=\"elementor-accordion-title\" tabindex=\"0\">How should I practice at home? How fast do I learn to play?<\/a>\n\t\t\t\t\t<\/div>\n\t\t\t\t\t<div id=\"elementor-tab-content-1806\" class=\"elementor-tab-content elementor-clearfix\" data-tab=\"6\" role=\"region\" aria-labelledby=\"elementor-tab-title-1806\"><div><p>Set up the instrument at home in a way that it\u2019s effortless to start playing. Remember a good playing position and take a break if your hands get tired!<\/p><\/div><p>Developing our playing requires regular practice. Even 15 minutes of practising a day will improve your playing. However, the purpose is not just to practice for the sake of practising, but to learn music that interests you. You should feel joy and accomplishment while playing.<\/p><p>With proper practice techniques, you can master even tricky sections. Play songs that you already know well and enjoy. If possible, play with other people as well.<\/p><p>The great thing about playing music is an adventure during which we are constantly discovering new things. Actively listen to music to find exciting songs that you would like to play and inform the teacher about your wishes.<\/p><\/div>\n\t\t\t\t<\/div>\n\t\t\t\t\t\t\t<div class=\"elementor-accordion-item\">\n\t\t\t\t\t<div id=\"elementor-tab-title-1807\" class=\"elementor-tab-title\" data-tab=\"7\" role=\"button\" aria-controls=\"elementor-tab-content-1807\" aria-expanded=\"false\">\n\t\t\t\t\t\t\t\t\t\t\t\t\t<span class=\"elementor-accordion-icon elementor-accordion-icon-left\" aria-hidden=\"true\">\n\t\t\t\t\t\t\t\t\t\t\t\t\t\t\t<span class=\"elementor-accordion-icon-closed\"><i class=\"fas fa-plus\"><\/i><\/span>\n\t\t\t\t\t\t\t\t<span class=\"elementor-accordion-icon-opened\"><i class=\"fas fa-minus\"><\/i><\/span>\n\t\t\t\t\t\t\t\t\t\t\t\t\t\t<\/span>\n\t\t\t\t\t\t\t\t\t\t\t\t<a class=\"elementor-accordion-title\" tabindex=\"0\">What is a suitable age to start attending lessons?<\/a>\n\t\t\t\t\t<\/div>\n\t\t\t\t\t<div id=\"elementor-tab-content-1807\" class=\"elementor-tab-content elementor-clearfix\" data-tab=\"7\" role=\"region\" aria-labelledby=\"elementor-tab-title-1807\"><p>Attending lessons can begin when the student is mature enough to follow the teacher\u2019s instructions during the lessons and while practising at home, usually when the student is about eight years old. There is no upper age limit for playing.<\/p><\/div>\n\t\t\t\t<\/div>\n\t\t\t\t\t\t\t<div class=\"elementor-accordion-item\">\n\t\t\t\t\t<div id=\"elementor-tab-title-1808\" class=\"elementor-tab-title\" data-tab=\"8\" role=\"button\" aria-controls=\"elementor-tab-content-1808\" aria-expanded=\"false\">\n\t\t\t\t\t\t\t\t\t\t\t\t\t<span class=\"elementor-accordion-icon elementor-accordion-icon-left\" aria-hidden=\"true\">\n\t\t\t\t\t\t\t\t\t\t\t\t\t\t\t<span class=\"elementor-accordion-icon-closed\"><i class=\"fas fa-plus\"><\/i><\/span>\n\t\t\t\t\t\t\t\t<span class=\"elementor-accordion-icon-opened\"><i class=\"fas fa-minus\"><\/i><\/span>\n\t\t\t\t\t\t\t\t\t\t\t\t\t\t<\/span>\n\t\t\t\t\t\t\t\t\t\t\t\t<a class=\"elementor-accordion-title\" tabindex=\"0\">Is it preferable for a parent to accompany a child to lessons?<\/a>\n\t\t\t\t\t<\/div>\n\t\t\t\t\t<div id=\"elementor-tab-content-1808\" class=\"elementor-tab-content elementor-clearfix\" data-tab=\"8\" role=\"region\" aria-labelledby=\"elementor-tab-title-1808\"><p>For the youngest students, it\u2019s a good idea for the parent to accompany the child to lessons, write down the teacher\u2019s instructions and help the child practice at home.<\/p><\/div>\n\t\t\t\t<\/div>\n\t\t\t\t\t\t\t<div class=\"elementor-accordion-item\">\n\t\t\t\t\t<div id=\"elementor-tab-title-1809\" class=\"elementor-tab-title\" data-tab=\"9\" role=\"button\" aria-controls=\"elementor-tab-content-1809\" aria-expanded=\"false\">\n\t\t\t\t\t\t\t\t\t\t\t\t\t<span class=\"elementor-accordion-icon elementor-accordion-icon-left\" aria-hidden=\"true\">\n\t\t\t\t\t\t\t\t\t\t\t\t\t\t\t<span class=\"elementor-accordion-icon-closed\"><i class=\"fas fa-plus\"><\/i><\/span>\n\t\t\t\t\t\t\t\t<span class=\"elementor-accordion-icon-opened\"><i class=\"fas fa-minus\"><\/i><\/span>\n\t\t\t\t\t\t\t\t\t\t\t\t\t\t<\/span>\n\t\t\t\t\t\t\t\t\t\t\t\t<a class=\"elementor-accordion-title\" tabindex=\"0\">How much do the lessons cost?<\/a>\n\t\t\t\t\t<\/div>\n\t\t\t\t\t<div id=\"elementor-tab-content-1809\" class=\"elementor-tab-content elementor-clearfix\" data-tab=\"9\" role=\"region\" aria-labelledby=\"elementor-tab-title-1809\"><p>The price of individual lessons is 40 \u20ac \/ 30min, 52 \u20ac \/ 45min or 63 \u20ac \/ 60min. The introductory lesson is half-price! For weekly lessons, we use a flat monthly fee, which is about 5 % cheaper. Prices include VAT 25,5 %.<\/p><p>You can pay for lessons with MobilePay or bank transfers. You can also use <a href=\"https:\/\/www.smartum.fi\/en\/exercise-culture-benefit\" target=\"_blank\" rel=\"noopener\">Smartum<\/a> and <a href=\"https:\/\/www.epassi.fi\/en\/employees#kulttuuri\" target=\"_blank\" rel=\"noopener\">ePassi<\/a> cultural benefit for your personal lessons. Gift packages and lessons paid with cultural benefit do not include a discount on the introductory lesson.<\/p><\/div>\n\t\t\t\t<\/div>\n\t\t\t\t\t\t\t\t<\/div>\n\t\t\t\t\t\t<\/div>\n\t\t\t\t<\/div>\n\t\t\t\t\t<\/div>\n\t\t<\/div>\n\t\t\t\t<div class=\"elementor-column elementor-col-50 elementor-top-column elementor-element elementor-element-0bb7282\" data-id=\"0bb7282\" data-element_type=\"column\" data-e-type=\"column\">\n\t\t\t<div class=\"elementor-widget-wrap elementor-element-populated\">\n\t\t\t\t\t\t<div class=\"elementor-element elementor-element-e7e7f78 elementor-invisible elementor-widget elementor-widget-image\" data-id=\"e7e7f78\" data-element_type=\"widget\" data-e-type=\"widget\" data-settings=\"{&quot;_animation&quot;:&quot;fadeIn&quot;}\" data-widget_type=\"image.default\">\n\t\t\t\t<div class=\"elementor-widget-container\">\n\t\t\t\t\t\t\t\t\t\t\t\t\t\t\t<img fetchpriority=\"high\" decoding=\"async\" width=\"600\" height=\"600\" src=\"https:\/\/matinmusiikki.fi\/wp-content\/uploads\/2021\/05\/matin-musiikki-matti-ritvanen-kuvitus-03.png\" class=\"attachment-large size-large wp-image-268\" alt=\"Pianotunnit Kuopiossa\" srcset=\"https:\/\/matinmusiikki.fi\/wp-content\/uploads\/2021\/05\/matin-musiikki-matti-ritvanen-kuvitus-03.png 600w, https:\/\/matinmusiikki.fi\/wp-content\/uploads\/2021\/05\/matin-musiikki-matti-ritvanen-kuvitus-03-300x300.png 300w, https:\/\/matinmusiikki.fi\/wp-content\/uploads\/2021\/05\/matin-musiikki-matti-ritvanen-kuvitus-03-150x150.png 150w\" sizes=\"(max-width: 600px) 100vw, 600px\" \/>\t\t\t\t\t\t\t\t\t\t\t\t\t\t\t<\/div>\n\t\t\t\t<\/div>\n\t\t\t\t\t<\/div>\n\t\t<\/div>\n\t\t\t\t\t<\/div>\n\t\t<\/section>\n\t\t\t\t<\/div>","protected":false},"excerpt":{"rendered":"<p>Usein kysytyt kysymykset Miten aloitan soittoharrastuksen? Ota minuun yhteys sivuilta l\u00f6ytyv\u00e4n yhteydenottolomakkeen avulla ja sovitaan tutustumistunti, jossa voimme k\u00e4yd\u00e4 l\u00e4pi toiveesi musiikin harrastamisen suhteen. Pit\u00e4isik\u00f6 minun aloittaa soittoharrastus? Kyll\u00e4! Musiikin soittaminen on hyvin kivaa! Musiikki luo el\u00e4m\u00e4\u00e4n sis\u00e4lt\u00f6\u00e4 ja on loistava itseilmaisun v\u00e4line, jonka avulla voimme v\u00e4litt\u00e4\u00e4 ja k\u00e4sitell\u00e4 tunteitamme. On mahtavaa n\u00e4hd\u00e4 taitojensa kehittyv\u00e4n&#8230;<\/p>","protected":false},"author":1,"featured_media":0,"parent":0,"menu_order":4,"comment_status":"closed","ping_status":"closed","template":"","meta":{"_kadence_starter_templates_imported_post":false,"_kad_post_transparent":"","_kad_post_title":"hide","_kad_post_layout":"fullwidth","_kad_post_sidebar_id":"","_kad_post_content_style":"unboxed","_kad_post_vertical_padding":"hide","_kad_post_feature":"hide","_kad_post_feature_position":"","_kad_post_header":false,"_kad_post_footer":false,"_kad_post_classname":"","footnotes":""},"class_list":["post-84","page","type-page","status-publish","hentry"],"yoast_head":"<!-- This site is optimized with the Yoast SEO plugin v27.6 - https:\/\/yoast.com\/product\/yoast-seo-wordpress\/ -->\n<title>UKK - Matin musiikki<\/title>\n<meta name=\"robots\" content=\"index, follow, max-snippet:-1, max-image-preview:large, max-video-preview:-1\" \/>\n<link rel=\"canonical\" href=\"https:\/\/matinmusiikki.fi\/en\/ukk\/\" \/>\n<meta property=\"og:locale\" content=\"en_GB\" \/>\n<meta property=\"og:type\" content=\"article\" \/>\n<meta property=\"og:title\" content=\"UKK - Matin musiikki\" \/>\n<meta property=\"og:description\" content=\"Usein kysytyt kysymykset Miten aloitan soittoharrastuksen? Ota minuun yhteys sivuilta l\u00f6ytyv\u00e4n yhteydenottolomakkeen avulla ja sovitaan tutustumistunti, jossa voimme k\u00e4yd\u00e4 l\u00e4pi toiveesi musiikin harrastamisen suhteen. Pit\u00e4isik\u00f6 minun aloittaa soittoharrastus? Kyll\u00e4! Musiikin soittaminen on hyvin kivaa! Musiikki luo el\u00e4m\u00e4\u00e4n sis\u00e4lt\u00f6\u00e4 ja on loistava itseilmaisun v\u00e4line, jonka avulla voimme v\u00e4litt\u00e4\u00e4 ja k\u00e4sitell\u00e4 tunteitamme. On mahtavaa n\u00e4hd\u00e4 taitojensa kehittyv\u00e4n...\" \/>\n<meta property=\"og:url\" content=\"https:\/\/matinmusiikki.fi\/en\/ukk\/\" \/>\n<meta property=\"og:site_name\" content=\"Matin musiikki\" \/>\n<meta property=\"article:modified_time\" content=\"2025-06-18T13:02:09+00:00\" \/>\n<meta property=\"og:image\" content=\"https:\/\/matinmusiikki.fi\/wp-content\/uploads\/2021\/05\/matin-musiikki-matti-ritvanen-kuvitus-03.png\" \/>\n\t<meta property=\"og:image:width\" content=\"600\" \/>\n\t<meta property=\"og:image:height\" content=\"600\" \/>\n\t<meta property=\"og:image:type\" content=\"image\/png\" \/>\n<meta name=\"twitter:card\" content=\"summary_large_image\" \/>\n<meta name=\"twitter:label1\" content=\"Estimated reading time\" \/>\n\t<meta name=\"twitter:data1\" content=\"3 minutes\" \/>\n<script type=\"application\/ld+json\" class=\"yoast-schema-graph\">{\"@context\":\"https:\\\/\\\/schema.org\",\"@graph\":[{\"@type\":\"WebPage\",\"@id\":\"https:\\\/\\\/matinmusiikki.fi\\\/ukk\\\/\",\"url\":\"https:\\\/\\\/matinmusiikki.fi\\\/ukk\\\/\",\"name\":\"UKK - Matin musiikki\",\"isPartOf\":{\"@id\":\"https:\\\/\\\/matinmusiikki.fi\\\/#website\"},\"primaryImageOfPage\":{\"@id\":\"https:\\\/\\\/matinmusiikki.fi\\\/ukk\\\/#primaryimage\"},\"image\":{\"@id\":\"https:\\\/\\\/matinmusiikki.fi\\\/ukk\\\/#primaryimage\"},\"thumbnailUrl\":\"https:\\\/\\\/matinmusiikki.fi\\\/wp-content\\\/uploads\\\/2021\\\/05\\\/matin-musiikki-matti-ritvanen-kuvitus-03.png\",\"datePublished\":\"2021-05-06T11:36:01+00:00\",\"dateModified\":\"2025-06-18T13:02:09+00:00\",\"breadcrumb\":{\"@id\":\"https:\\\/\\\/matinmusiikki.fi\\\/ukk\\\/#breadcrumb\"},\"inLanguage\":\"en-GB\",\"potentialAction\":[{\"@type\":\"ReadAction\",\"target\":[\"https:\\\/\\\/matinmusiikki.fi\\\/ukk\\\/\"]}]},{\"@type\":\"ImageObject\",\"inLanguage\":\"en-GB\",\"@id\":\"https:\\\/\\\/matinmusiikki.fi\\\/ukk\\\/#primaryimage\",\"url\":\"https:\\\/\\\/matinmusiikki.fi\\\/wp-content\\\/uploads\\\/2021\\\/05\\\/matin-musiikki-matti-ritvanen-kuvitus-03.png\",\"contentUrl\":\"https:\\\/\\\/matinmusiikki.fi\\\/wp-content\\\/uploads\\\/2021\\\/05\\\/matin-musiikki-matti-ritvanen-kuvitus-03.png\"},{\"@type\":\"BreadcrumbList\",\"@id\":\"https:\\\/\\\/matinmusiikki.fi\\\/ukk\\\/#breadcrumb\",\"itemListElement\":[{\"@type\":\"ListItem\",\"position\":1,\"name\":\"Etusivu\",\"item\":\"https:\\\/\\\/matinmusiikki.fi\\\/\"},{\"@type\":\"ListItem\",\"position\":2,\"name\":\"UKK\"}]},{\"@type\":\"WebSite\",\"@id\":\"https:\\\/\\\/matinmusiikki.fi\\\/#website\",\"url\":\"https:\\\/\\\/matinmusiikki.fi\\\/\",\"name\":\"Matin musiikki\",\"description\":\"Musiikinopettaja Matti Ritvanen. Soitonopetusta ja esiintymispalveluja Kuopiossa.\",\"publisher\":{\"@id\":\"https:\\\/\\\/matinmusiikki.fi\\\/#organization\"},\"potentialAction\":[{\"@type\":\"SearchAction\",\"target\":{\"@type\":\"EntryPoint\",\"urlTemplate\":\"https:\\\/\\\/matinmusiikki.fi\\\/?s={search_term_string}\"},\"query-input\":{\"@type\":\"PropertyValueSpecification\",\"valueRequired\":true,\"valueName\":\"search_term_string\"}}],\"inLanguage\":\"en-GB\"},{\"@type\":\"Organization\",\"@id\":\"https:\\\/\\\/matinmusiikki.fi\\\/#organization\",\"name\":\"Matin musiikki\",\"url\":\"https:\\\/\\\/matinmusiikki.fi\\\/\",\"logo\":{\"@type\":\"ImageObject\",\"inLanguage\":\"en-GB\",\"@id\":\"https:\\\/\\\/matinmusiikki.fi\\\/#\\\/schema\\\/logo\\\/image\\\/\",\"url\":\"https:\\\/\\\/matinmusiikki.fi\\\/wp-content\\\/uploads\\\/2021\\\/05\\\/matin-musiikki-matti-ritvanen-logo.png\",\"contentUrl\":\"https:\\\/\\\/matinmusiikki.fi\\\/wp-content\\\/uploads\\\/2021\\\/05\\\/matin-musiikki-matti-ritvanen-logo.png\",\"width\":242,\"height\":125,\"caption\":\"Matin musiikki\"},\"image\":{\"@id\":\"https:\\\/\\\/matinmusiikki.fi\\\/#\\\/schema\\\/logo\\\/image\\\/\"}}]}<\/script>\n<!-- \/ Yoast SEO plugin. -->","yoast_head_json":{"title":"UKK - Matin musiikki","robots":{"index":"index","follow":"follow","max-snippet":"max-snippet:-1","max-image-preview":"max-image-preview:large","max-video-preview":"max-video-preview:-1"},"canonical":"https:\/\/matinmusiikki.fi\/en\/ukk\/","og_locale":"en_GB","og_type":"article","og_title":"UKK - Matin musiikki","og_description":"Usein kysytyt kysymykset Miten aloitan soittoharrastuksen? Ota minuun yhteys sivuilta l\u00f6ytyv\u00e4n yhteydenottolomakkeen avulla ja sovitaan tutustumistunti, jossa voimme k\u00e4yd\u00e4 l\u00e4pi toiveesi musiikin harrastamisen suhteen. Pit\u00e4isik\u00f6 minun aloittaa soittoharrastus? Kyll\u00e4! Musiikin soittaminen on hyvin kivaa! Musiikki luo el\u00e4m\u00e4\u00e4n sis\u00e4lt\u00f6\u00e4 ja on loistava itseilmaisun v\u00e4line, jonka avulla voimme v\u00e4litt\u00e4\u00e4 ja k\u00e4sitell\u00e4 tunteitamme. On mahtavaa n\u00e4hd\u00e4 taitojensa kehittyv\u00e4n...","og_url":"https:\/\/matinmusiikki.fi\/en\/ukk\/","og_site_name":"Matin musiikki","article_modified_time":"2025-06-18T13:02:09+00:00","og_image":[{"width":600,"height":600,"url":"https:\/\/matinmusiikki.fi\/wp-content\/uploads\/2021\/05\/matin-musiikki-matti-ritvanen-kuvitus-03.png","type":"image\/png"}],"twitter_card":"summary_large_image","twitter_misc":{"Estimated reading time":"3 minutes"},"schema":{"@context":"https:\/\/schema.org","@graph":[{"@type":"WebPage","@id":"https:\/\/matinmusiikki.fi\/ukk\/","url":"https:\/\/matinmusiikki.fi\/ukk\/","name":"UKK - Matin musiikki","isPartOf":{"@id":"https:\/\/matinmusiikki.fi\/#website"},"primaryImageOfPage":{"@id":"https:\/\/matinmusiikki.fi\/ukk\/#primaryimage"},"image":{"@id":"https:\/\/matinmusiikki.fi\/ukk\/#primaryimage"},"thumbnailUrl":"https:\/\/matinmusiikki.fi\/wp-content\/uploads\/2021\/05\/matin-musiikki-matti-ritvanen-kuvitus-03.png","datePublished":"2021-05-06T11:36:01+00:00","dateModified":"2025-06-18T13:02:09+00:00","breadcrumb":{"@id":"https:\/\/matinmusiikki.fi\/ukk\/#breadcrumb"},"inLanguage":"en-GB","potentialAction":[{"@type":"ReadAction","target":["https:\/\/matinmusiikki.fi\/ukk\/"]}]},{"@type":"ImageObject","inLanguage":"en-GB","@id":"https:\/\/matinmusiikki.fi\/ukk\/#primaryimage","url":"https:\/\/matinmusiikki.fi\/wp-content\/uploads\/2021\/05\/matin-musiikki-matti-ritvanen-kuvitus-03.png","contentUrl":"https:\/\/matinmusiikki.fi\/wp-content\/uploads\/2021\/05\/matin-musiikki-matti-ritvanen-kuvitus-03.png"},{"@type":"BreadcrumbList","@id":"https:\/\/matinmusiikki.fi\/ukk\/#breadcrumb","itemListElement":[{"@type":"ListItem","position":1,"name":"Etusivu","item":"https:\/\/matinmusiikki.fi\/"},{"@type":"ListItem","position":2,"name":"UKK"}]},{"@type":"WebSite","@id":"https:\/\/matinmusiikki.fi\/#website","url":"https:\/\/matinmusiikki.fi\/","name":"Matin musiikki","description":"Musiikinopettaja Matti Ritvanen. Soitonopetusta ja esiintymispalveluja Kuopiossa.","publisher":{"@id":"https:\/\/matinmusiikki.fi\/#organization"},"potentialAction":[{"@type":"SearchAction","target":{"@type":"EntryPoint","urlTemplate":"https:\/\/matinmusiikki.fi\/?s={search_term_string}"},"query-input":{"@type":"PropertyValueSpecification","valueRequired":true,"valueName":"search_term_string"}}],"inLanguage":"en-GB"},{"@type":"Organization","@id":"https:\/\/matinmusiikki.fi\/#organization","name":"Matin musiikki","url":"https:\/\/matinmusiikki.fi\/","logo":{"@type":"ImageObject","inLanguage":"en-GB","@id":"https:\/\/matinmusiikki.fi\/#\/schema\/logo\/image\/","url":"https:\/\/matinmusiikki.fi\/wp-content\/uploads\/2021\/05\/matin-musiikki-matti-ritvanen-logo.png","contentUrl":"https:\/\/matinmusiikki.fi\/wp-content\/uploads\/2021\/05\/matin-musiikki-matti-ritvanen-logo.png","width":242,"height":125,"caption":"Matin musiikki"},"image":{"@id":"https:\/\/matinmusiikki.fi\/#\/schema\/logo\/image\/"}}]}},"_links":{"self":[{"href":"https:\/\/matinmusiikki.fi\/en\/wp-json\/wp\/v2\/pages\/84","targetHints":{"allow":["GET"]}}],"collection":[{"href":"https:\/\/matinmusiikki.fi\/en\/wp-json\/wp\/v2\/pages"}],"about":[{"href":"https:\/\/matinmusiikki.fi\/en\/wp-json\/wp\/v2\/types\/page"}],"author":[{"embeddable":true,"href":"https:\/\/matinmusiikki.fi\/en\/wp-json\/wp\/v2\/users\/1"}],"replies":[{"embeddable":true,"href":"https:\/\/matinmusiikki.fi\/en\/wp-json\/wp\/v2\/comments?post=84"}],"version-history":[{"count":124,"href":"https:\/\/matinmusiikki.fi\/en\/wp-json\/wp\/v2\/pages\/84\/revisions"}],"predecessor-version":[{"id":894,"href":"https:\/\/matinmusiikki.fi\/en\/wp-json\/wp\/v2\/pages\/84\/revisions\/894"}],"wp:attachment":[{"href":"https:\/\/matinmusiikki.fi\/en\/wp-json\/wp\/v2\/media?parent=84"}],"curies":[{"name":"wp","href":"https:\/\/api.w.org\/{rel}","templated":true}]}}