{"id":80,"date":"2021-05-06T14:35:26","date_gmt":"2021-05-06T11:35:26","guid":{"rendered":"http:\/\/matinmusiikki.fi\/?page_id=80"},"modified":"2026-01-06T11:21:03","modified_gmt":"2026-01-06T09:21:03","slug":"esiintymispalvelut","status":"publish","type":"page","link":"https:\/\/matinmusiikki.fi\/en\/esiintymispalvelut\/","title":{"rendered":"Performance services"},"content":{"rendered":"<div data-elementor-type=\"wp-page\" data-elementor-id=\"80\" class=\"elementor elementor-80\">\n\t\t\t\t\t\t<section class=\"elementor-section elementor-top-section elementor-element elementor-element-e11d309 elementor-section-boxed elementor-section-height-default elementor-section-height-default elementor-invisible\" data-id=\"e11d309\" data-element_type=\"section\" data-e-type=\"section\" data-settings=\"{&quot;background_background&quot;:&quot;classic&quot;,&quot;animation&quot;:&quot;fadeIn&quot;}\">\n\t\t\t\t\t\t\t<div class=\"elementor-background-overlay\"><\/div>\n\t\t\t\t\t\t\t<div class=\"elementor-container elementor-column-gap-default\">\n\t\t\t\t\t<div class=\"elementor-column elementor-col-100 elementor-top-column elementor-element elementor-element-6ef11b1\" data-id=\"6ef11b1\" data-element_type=\"column\" data-e-type=\"column\">\n\t\t\t<div class=\"elementor-widget-wrap elementor-element-populated\">\n\t\t\t\t\t\t<div class=\"elementor-element elementor-element-0513553 elementor-widget elementor-widget-heading\" data-id=\"0513553\" data-element_type=\"widget\" data-e-type=\"widget\" data-widget_type=\"heading.default\">\n\t\t\t\t<div class=\"elementor-widget-container\">\n\t\t\t\t\t<h1 class=\"elementor-heading-title elementor-size-default\">Performance services<\/h1>\t\t\t\t<\/div>\n\t\t\t\t<\/div>\n\t\t\t\t\t<\/div>\n\t\t<\/div>\n\t\t\t\t\t<\/div>\n\t\t<\/section>\n\t\t\t\t<section class=\"elementor-section elementor-top-section elementor-element elementor-element-dc88168 elementor-section-boxed elementor-section-height-default elementor-section-height-default\" data-id=\"dc88168\" data-element_type=\"section\" data-e-type=\"section\">\n\t\t\t\t\t\t<div class=\"elementor-container elementor-column-gap-default\">\n\t\t\t\t\t<div class=\"elementor-column elementor-col-50 elementor-top-column elementor-element elementor-element-227be1f\" data-id=\"227be1f\" data-element_type=\"column\" data-e-type=\"column\">\n\t\t\t<div class=\"elementor-widget-wrap elementor-element-populated\">\n\t\t\t\t\t\t<div class=\"elementor-element elementor-element-dcac7d4 elementor-invisible elementor-widget elementor-widget-video\" data-id=\"dcac7d4\" data-element_type=\"widget\" data-e-type=\"widget\" data-settings=\"{&quot;youtube_url&quot;:&quot;https:\\\/\\\/www.youtube.com\\\/watch?v=hD0gR6NeVZ8&quot;,&quot;_animation&quot;:&quot;fadeIn&quot;,&quot;video_type&quot;:&quot;youtube&quot;,&quot;controls&quot;:&quot;yes&quot;}\" data-widget_type=\"video.default\">\n\t\t\t\t<div class=\"elementor-widget-container\">\n\t\t\t\t\t\t\t<div class=\"elementor-wrapper elementor-open-inline\">\n\t\t\t<div class=\"elementor-video\"><\/div>\t\t<\/div>\n\t\t\t\t\t\t<\/div>\n\t\t\t\t<\/div>\n\t\t\t\t<div class=\"elementor-element elementor-element-5b4145a elementor-invisible elementor-widget elementor-widget-video\" data-id=\"5b4145a\" data-element_type=\"widget\" data-e-type=\"widget\" data-settings=\"{&quot;youtube_url&quot;:&quot;https:\\\/\\\/www.youtube.com\\\/watch?v=CLfejxTbij4&quot;,&quot;_animation&quot;:&quot;fadeIn&quot;,&quot;video_type&quot;:&quot;youtube&quot;,&quot;controls&quot;:&quot;yes&quot;}\" data-widget_type=\"video.default\">\n\t\t\t\t<div class=\"elementor-widget-container\">\n\t\t\t\t\t\t\t<div class=\"elementor-wrapper elementor-open-inline\">\n\t\t\t<div class=\"elementor-video\"><\/div>\t\t<\/div>\n\t\t\t\t\t\t<\/div>\n\t\t\t\t<\/div>\n\t\t\t\t\t<\/div>\n\t\t<\/div>\n\t\t\t\t<div class=\"elementor-column elementor-col-50 elementor-top-column elementor-element elementor-element-0c3aa8f\" data-id=\"0c3aa8f\" data-element_type=\"column\" data-e-type=\"column\">\n\t\t\t<div class=\"elementor-widget-wrap elementor-element-populated\">\n\t\t\t\t\t\t<div class=\"elementor-element elementor-element-6536c8e elementor-widget__width-initial elementor-invisible elementor-widget elementor-widget-text-editor\" data-id=\"6536c8e\" data-element_type=\"widget\" data-e-type=\"widget\" data-settings=\"{&quot;_animation&quot;:&quot;fadeIn&quot;}\" data-widget_type=\"text-editor.default\">\n\t\t\t\t<div class=\"elementor-widget-container\">\n\t\t\t\t\t\t\t\t\t<p>Do you need live music for your family gathering or business event?<\/p><p>I am a pianist, guitarist and singer Matti Ritvanen from Kuopio. I perform with violinist-singer Henna Korhonen in Kuopio, the North Savo region and elsewhere in Finland.<\/p><p>We play energetic performances and calm background music for all corporate events such as galas, customer parties, graduation ceremonies and Christmas parties.<\/p><p>We also play at family events such as weddings, funerals and birthday parties.<\/p><p>Our previous partners are, e.g. Kuopio University Hospital, Servica, Attendo, World Health Organization, Savonia and Pee\u00e4ss\u00e4.<\/p><p>Our extensive repertoire includes light classical pieces, pop and rock, as well as jazz standards. We are happy to fulfil the customer\u2019s wishes and create unique music for every occasion. You can watch us perform by clicking the videos on the left.<\/p><p>I also perform as a solo pianist and singer and play as an accompanist if you need a piano or guitar accompaniment for your vocal performance.<\/p><p><strong>Contact me and Henna using the form or call 040 4638034 and ask for a quote for your event!<\/strong><\/p>\t\t\t\t\t\t\t\t<\/div>\n\t\t\t\t<\/div>\n\t\t\t\t<div class=\"elementor-element elementor-element-553326d elementor-widget elementor-widget-spacer\" data-id=\"553326d\" data-element_type=\"widget\" data-e-type=\"widget\" data-widget_type=\"spacer.default\">\n\t\t\t\t<div class=\"elementor-widget-container\">\n\t\t\t\t\t\t\t<div class=\"elementor-spacer\">\n\t\t\t<div class=\"elementor-spacer-inner\"><\/div>\n\t\t<\/div>\n\t\t\t\t\t\t<\/div>\n\t\t\t\t<\/div>\n\t\t\t\t<div class=\"elementor-element elementor-element-a3fa830 elementor-mobile-align-center elementor-invisible elementor-widget elementor-widget-button\" data-id=\"a3fa830\" data-element_type=\"widget\" data-e-type=\"widget\" data-settings=\"{&quot;_animation&quot;:&quot;fadeIn&quot;}\" data-widget_type=\"button.default\">\n\t\t\t\t<div class=\"elementor-widget-container\">\n\t\t\t\t\t\t\t\t\t<div class=\"elementor-button-wrapper\">\n\t\t\t\t\t<a class=\"elementor-button elementor-button-link elementor-size-sm\" href=\"https:\/\/matinmusiikki.fi\/en\/#yhteystiedot\">\n\t\t\t\t\t\t<span class=\"elementor-button-content-wrapper\">\n\t\t\t\t\t\t\t\t\t<span class=\"elementor-button-text\">Contact me<\/span>\n\t\t\t\t\t<\/span>\n\t\t\t\t\t<\/a>\n\t\t\t\t<\/div>\n\t\t\t\t\t\t\t\t<\/div>\n\t\t\t\t<\/div>\n\t\t\t\t\t<\/div>\n\t\t<\/div>\n\t\t\t\t\t<\/div>\n\t\t<\/section>\n\t\t\t\t<\/div>","protected":false},"excerpt":{"rendered":"<p>Esiintymispalvelut https:\/\/www.youtube.com\/watch?v=hD0gR6NeVZ8https:\/\/www.youtube.com\/watch?v=CLfejxTbij4 Kaipaatko perhe- tai yritystilaisuuteesi livemusiikkia? Olen kuopiolainen pianisti, kitaristi ja laulaja Matti Ritvanen. Esiinnyn yhdess\u00e4 viulisti-laulaja Henna Korhosen kanssa Kuopiossa, Pohjois-Savossa ja tarpeen mukaan kauempanakin. Meilt\u00e4 onnistuu energiset esiintymiset ja rauhallinen taustamusiikki kaikkiin yritystapahtumiin, kuten pikkujouluihin, asiakasjuhliin, harjannostajaisiin, gaaloihin, karonkkoihin ja todistustenjakamisiin. Soitamme my\u00f6s perhetilaisuuksissa, kuten h\u00e4iss\u00e4, hautajaisissa ja syntym\u00e4p\u00e4iv\u00e4juhlissa. Aiempia yhteisty\u00f6kumppaneitamme ovat&#8230;<\/p>","protected":false},"author":1,"featured_media":0,"parent":0,"menu_order":2,"comment_status":"closed","ping_status":"closed","template":"","meta":{"_kadence_starter_templates_imported_post":false,"_kad_post_transparent":"","_kad_post_title":"hide","_kad_post_layout":"fullwidth","_kad_post_sidebar_id":"","_kad_post_content_style":"unboxed","_kad_post_vertical_padding":"hide","_kad_post_feature":"hide","_kad_post_feature_position":"","_kad_post_header":false,"_kad_post_footer":false,"_kad_post_classname":"","footnotes":""},"class_list":["post-80","page","type-page","status-publish","hentry"],"yoast_head":"<!-- This site is optimized with the Yoast SEO plugin v27.3 - https:\/\/yoast.com\/product\/yoast-seo-wordpress\/ -->\n<title>Esiintymispalvelut - Livemusiikkia juhliin ja tilaisuuksiin Kuopiossa<\/title>\n<meta name=\"description\" content=\"Esiintymispalveluja Kuopiossa. Livemusiikkia juhliin ja tilaisuuksiin. Pianisti. Kitaristi. Laulaja. Esiintyj\u00e4. S\u00e4est\u00e4j\u00e4.\" \/>\n<meta name=\"robots\" content=\"index, follow, max-snippet:-1, max-image-preview:large, max-video-preview:-1\" \/>\n<link rel=\"canonical\" href=\"https:\/\/matinmusiikki.fi\/en\/esiintymispalvelut\/\" \/>\n<meta property=\"og:locale\" content=\"en_GB\" \/>\n<meta property=\"og:type\" content=\"article\" \/>\n<meta property=\"og:title\" content=\"Esiintymispalvelut - Livemusiikkia juhliin ja tilaisuuksiin Kuopiossa\" \/>\n<meta property=\"og:description\" content=\"Esiintymispalveluja Kuopiossa. Livemusiikkia juhliin ja tilaisuuksiin. Pianisti. Kitaristi. Laulaja. Esiintyj\u00e4. S\u00e4est\u00e4j\u00e4.\" \/>\n<meta property=\"og:url\" content=\"https:\/\/matinmusiikki.fi\/en\/esiintymispalvelut\/\" \/>\n<meta property=\"og:site_name\" content=\"Matin musiikki\" \/>\n<meta property=\"article:modified_time\" content=\"2026-01-06T09:21:03+00:00\" \/>\n<meta name=\"twitter:card\" content=\"summary_large_image\" \/>\n<meta name=\"twitter:label1\" content=\"Estimated reading time\" \/>\n\t<meta name=\"twitter:data1\" content=\"1 minute\" \/>\n<script type=\"application\/ld+json\" class=\"yoast-schema-graph\">{\"@context\":\"https:\\\/\\\/schema.org\",\"@graph\":[{\"@type\":\"WebPage\",\"@id\":\"https:\\\/\\\/matinmusiikki.fi\\\/esiintymispalvelut\\\/\",\"url\":\"https:\\\/\\\/matinmusiikki.fi\\\/esiintymispalvelut\\\/\",\"name\":\"Esiintymispalvelut - Livemusiikkia juhliin ja tilaisuuksiin Kuopiossa\",\"isPartOf\":{\"@id\":\"https:\\\/\\\/matinmusiikki.fi\\\/#website\"},\"datePublished\":\"2021-05-06T11:35:26+00:00\",\"dateModified\":\"2026-01-06T09:21:03+00:00\",\"description\":\"Esiintymispalveluja Kuopiossa. Livemusiikkia juhliin ja tilaisuuksiin. Pianisti. Kitaristi. Laulaja. Esiintyj\u00e4. S\u00e4est\u00e4j\u00e4.\",\"breadcrumb\":{\"@id\":\"https:\\\/\\\/matinmusiikki.fi\\\/esiintymispalvelut\\\/#breadcrumb\"},\"inLanguage\":\"en-GB\",\"potentialAction\":[{\"@type\":\"ReadAction\",\"target\":[\"https:\\\/\\\/matinmusiikki.fi\\\/esiintymispalvelut\\\/\"]}]},{\"@type\":\"BreadcrumbList\",\"@id\":\"https:\\\/\\\/matinmusiikki.fi\\\/esiintymispalvelut\\\/#breadcrumb\",\"itemListElement\":[{\"@type\":\"ListItem\",\"position\":1,\"name\":\"Etusivu\",\"item\":\"https:\\\/\\\/matinmusiikki.fi\\\/\"},{\"@type\":\"ListItem\",\"position\":2,\"name\":\"Esiintymispalvelut\"}]},{\"@type\":\"WebSite\",\"@id\":\"https:\\\/\\\/matinmusiikki.fi\\\/#website\",\"url\":\"https:\\\/\\\/matinmusiikki.fi\\\/\",\"name\":\"Matin musiikki\",\"description\":\"Musiikinopettaja Matti Ritvanen. Soitonopetusta ja esiintymispalveluja Kuopiossa.\",\"publisher\":{\"@id\":\"https:\\\/\\\/matinmusiikki.fi\\\/#organization\"},\"potentialAction\":[{\"@type\":\"SearchAction\",\"target\":{\"@type\":\"EntryPoint\",\"urlTemplate\":\"https:\\\/\\\/matinmusiikki.fi\\\/?s={search_term_string}\"},\"query-input\":{\"@type\":\"PropertyValueSpecification\",\"valueRequired\":true,\"valueName\":\"search_term_string\"}}],\"inLanguage\":\"en-GB\"},{\"@type\":\"Organization\",\"@id\":\"https:\\\/\\\/matinmusiikki.fi\\\/#organization\",\"name\":\"Matin musiikki\",\"url\":\"https:\\\/\\\/matinmusiikki.fi\\\/\",\"logo\":{\"@type\":\"ImageObject\",\"inLanguage\":\"en-GB\",\"@id\":\"https:\\\/\\\/matinmusiikki.fi\\\/#\\\/schema\\\/logo\\\/image\\\/\",\"url\":\"https:\\\/\\\/matinmusiikki.fi\\\/wp-content\\\/uploads\\\/2021\\\/05\\\/matin-musiikki-matti-ritvanen-logo.png\",\"contentUrl\":\"https:\\\/\\\/matinmusiikki.fi\\\/wp-content\\\/uploads\\\/2021\\\/05\\\/matin-musiikki-matti-ritvanen-logo.png\",\"width\":242,\"height\":125,\"caption\":\"Matin musiikki\"},\"image\":{\"@id\":\"https:\\\/\\\/matinmusiikki.fi\\\/#\\\/schema\\\/logo\\\/image\\\/\"}}]}<\/script>\n<!-- \/ Yoast SEO plugin. -->","yoast_head_json":{"title":"Esiintymispalvelut - Livemusiikkia juhliin ja tilaisuuksiin Kuopiossa","description":"Esiintymispalveluja Kuopiossa. Livemusiikkia juhliin ja tilaisuuksiin. Pianisti. Kitaristi. Laulaja. Esiintyj\u00e4. S\u00e4est\u00e4j\u00e4.","robots":{"index":"index","follow":"follow","max-snippet":"max-snippet:-1","max-image-preview":"max-image-preview:large","max-video-preview":"max-video-preview:-1"},"canonical":"https:\/\/matinmusiikki.fi\/en\/esiintymispalvelut\/","og_locale":"en_GB","og_type":"article","og_title":"Esiintymispalvelut - Livemusiikkia juhliin ja tilaisuuksiin Kuopiossa","og_description":"Esiintymispalveluja Kuopiossa. Livemusiikkia juhliin ja tilaisuuksiin. Pianisti. Kitaristi. Laulaja. Esiintyj\u00e4. S\u00e4est\u00e4j\u00e4.","og_url":"https:\/\/matinmusiikki.fi\/en\/esiintymispalvelut\/","og_site_name":"Matin musiikki","article_modified_time":"2026-01-06T09:21:03+00:00","twitter_card":"summary_large_image","twitter_misc":{"Estimated reading time":"1 minute"},"schema":{"@context":"https:\/\/schema.org","@graph":[{"@type":"WebPage","@id":"https:\/\/matinmusiikki.fi\/esiintymispalvelut\/","url":"https:\/\/matinmusiikki.fi\/esiintymispalvelut\/","name":"Esiintymispalvelut - Livemusiikkia juhliin ja tilaisuuksiin Kuopiossa","isPartOf":{"@id":"https:\/\/matinmusiikki.fi\/#website"},"datePublished":"2021-05-06T11:35:26+00:00","dateModified":"2026-01-06T09:21:03+00:00","description":"Esiintymispalveluja Kuopiossa. Livemusiikkia juhliin ja tilaisuuksiin. Pianisti. Kitaristi. Laulaja. Esiintyj\u00e4. S\u00e4est\u00e4j\u00e4.","breadcrumb":{"@id":"https:\/\/matinmusiikki.fi\/esiintymispalvelut\/#breadcrumb"},"inLanguage":"en-GB","potentialAction":[{"@type":"ReadAction","target":["https:\/\/matinmusiikki.fi\/esiintymispalvelut\/"]}]},{"@type":"BreadcrumbList","@id":"https:\/\/matinmusiikki.fi\/esiintymispalvelut\/#breadcrumb","itemListElement":[{"@type":"ListItem","position":1,"name":"Etusivu","item":"https:\/\/matinmusiikki.fi\/"},{"@type":"ListItem","position":2,"name":"Esiintymispalvelut"}]},{"@type":"WebSite","@id":"https:\/\/matinmusiikki.fi\/#website","url":"https:\/\/matinmusiikki.fi\/","name":"Matin musiikki","description":"Musiikinopettaja Matti Ritvanen. Soitonopetusta ja esiintymispalveluja Kuopiossa.","publisher":{"@id":"https:\/\/matinmusiikki.fi\/#organization"},"potentialAction":[{"@type":"SearchAction","target":{"@type":"EntryPoint","urlTemplate":"https:\/\/matinmusiikki.fi\/?s={search_term_string}"},"query-input":{"@type":"PropertyValueSpecification","valueRequired":true,"valueName":"search_term_string"}}],"inLanguage":"en-GB"},{"@type":"Organization","@id":"https:\/\/matinmusiikki.fi\/#organization","name":"Matin musiikki","url":"https:\/\/matinmusiikki.fi\/","logo":{"@type":"ImageObject","inLanguage":"en-GB","@id":"https:\/\/matinmusiikki.fi\/#\/schema\/logo\/image\/","url":"https:\/\/matinmusiikki.fi\/wp-content\/uploads\/2021\/05\/matin-musiikki-matti-ritvanen-logo.png","contentUrl":"https:\/\/matinmusiikki.fi\/wp-content\/uploads\/2021\/05\/matin-musiikki-matti-ritvanen-logo.png","width":242,"height":125,"caption":"Matin musiikki"},"image":{"@id":"https:\/\/matinmusiikki.fi\/#\/schema\/logo\/image\/"}}]}},"_links":{"self":[{"href":"https:\/\/matinmusiikki.fi\/en\/wp-json\/wp\/v2\/pages\/80","targetHints":{"allow":["GET"]}}],"collection":[{"href":"https:\/\/matinmusiikki.fi\/en\/wp-json\/wp\/v2\/pages"}],"about":[{"href":"https:\/\/matinmusiikki.fi\/en\/wp-json\/wp\/v2\/types\/page"}],"author":[{"embeddable":true,"href":"https:\/\/matinmusiikki.fi\/en\/wp-json\/wp\/v2\/users\/1"}],"replies":[{"embeddable":true,"href":"https:\/\/matinmusiikki.fi\/en\/wp-json\/wp\/v2\/comments?post=80"}],"version-history":[{"count":62,"href":"https:\/\/matinmusiikki.fi\/en\/wp-json\/wp\/v2\/pages\/80\/revisions"}],"predecessor-version":[{"id":927,"href":"https:\/\/matinmusiikki.fi\/en\/wp-json\/wp\/v2\/pages\/80\/revisions\/927"}],"wp:attachment":[{"href":"https:\/\/matinmusiikki.fi\/en\/wp-json\/wp\/v2\/media?parent=80"}],"curies":[{"name":"wp","href":"https:\/\/api.w.org\/{rel}","templated":true}]}}