{"id":78,"date":"2021-05-06T14:35:09","date_gmt":"2021-05-06T11:35:09","guid":{"rendered":"http:\/\/matinmusiikki.fi\/?page_id=78"},"modified":"2025-06-18T15:27:33","modified_gmt":"2025-06-18T12:27:33","slug":"soitonopetus","status":"publish","type":"page","link":"https:\/\/matinmusiikki.fi\/en\/soitonopetus\/","title":{"rendered":"Teaching"},"content":{"rendered":"<div data-elementor-type=\"wp-page\" data-elementor-id=\"78\" class=\"elementor elementor-78\">\n\t\t\t\t\t\t<section class=\"elementor-section elementor-top-section elementor-element elementor-element-fa04fdd elementor-section-boxed elementor-section-height-default elementor-section-height-default elementor-invisible\" data-id=\"fa04fdd\" data-element_type=\"section\" data-e-type=\"section\" data-settings=\"{&quot;animation&quot;:&quot;fadeIn&quot;}\">\n\t\t\t\t\t\t<div class=\"elementor-container elementor-column-gap-default\">\n\t\t\t\t\t<div class=\"elementor-column elementor-col-100 elementor-top-column elementor-element elementor-element-b60718d\" data-id=\"b60718d\" data-element_type=\"column\" data-e-type=\"column\">\n\t\t\t<div class=\"elementor-widget-wrap elementor-element-populated\">\n\t\t\t\t\t\t<div class=\"elementor-element elementor-element-c7c8f52 elementor-widget elementor-widget-heading\" data-id=\"c7c8f52\" data-element_type=\"widget\" data-e-type=\"widget\" data-widget_type=\"heading.default\">\n\t\t\t\t<div class=\"elementor-widget-container\">\n\t\t\t\t\t<h1 class=\"elementor-heading-title elementor-size-default\">Teaching<\/h1>\t\t\t\t<\/div>\n\t\t\t\t<\/div>\n\t\t\t\t\t<\/div>\n\t\t<\/div>\n\t\t\t\t\t<\/div>\n\t\t<\/section>\n\t\t\t\t<section class=\"elementor-section elementor-top-section elementor-element elementor-element-ec2532f elementor-section-boxed elementor-section-height-default elementor-section-height-default\" data-id=\"ec2532f\" data-element_type=\"section\" data-e-type=\"section\" data-settings=\"{&quot;animation&quot;:&quot;none&quot;}\">\n\t\t\t\t\t\t<div class=\"elementor-container elementor-column-gap-default\">\n\t\t\t\t\t<div class=\"elementor-column elementor-col-50 elementor-top-column elementor-element elementor-element-a2e2746\" data-id=\"a2e2746\" data-element_type=\"column\" data-e-type=\"column\">\n\t\t\t<div class=\"elementor-widget-wrap elementor-element-populated\">\n\t\t\t\t\t\t<div class=\"elementor-element elementor-element-a09f520 elementor-invisible elementor-widget elementor-widget-image\" data-id=\"a09f520\" data-element_type=\"widget\" data-e-type=\"widget\" data-settings=\"{&quot;_animation&quot;:&quot;fadeIn&quot;}\" data-widget_type=\"image.default\">\n\t\t\t\t<div class=\"elementor-widget-container\">\n\t\t\t\t\t\t\t\t\t\t\t\t\t\t\t<img fetchpriority=\"high\" decoding=\"async\" width=\"627\" height=\"600\" src=\"https:\/\/matinmusiikki.fi\/wp-content\/uploads\/2021\/05\/matin-musiikki-matti-ritvanen-kuvitus-02.png\" class=\"attachment-full size-full wp-image-257\" alt=\"Bassotunnit Kuopiossa\" srcset=\"https:\/\/matinmusiikki.fi\/wp-content\/uploads\/2021\/05\/matin-musiikki-matti-ritvanen-kuvitus-02.png 627w, https:\/\/matinmusiikki.fi\/wp-content\/uploads\/2021\/05\/matin-musiikki-matti-ritvanen-kuvitus-02-300x287.png 300w\" sizes=\"(max-width: 627px) 100vw, 627px\" \/>\t\t\t\t\t\t\t\t\t\t\t\t\t\t\t<\/div>\n\t\t\t\t<\/div>\n\t\t\t\t\t<\/div>\n\t\t<\/div>\n\t\t\t\t<div class=\"elementor-column elementor-col-50 elementor-top-column elementor-element elementor-element-af216f7\" data-id=\"af216f7\" data-element_type=\"column\" data-e-type=\"column\">\n\t\t\t<div class=\"elementor-widget-wrap elementor-element-populated\">\n\t\t\t\t\t\t<div class=\"elementor-element elementor-element-1435e38 elementor-invisible elementor-widget elementor-widget-text-editor\" data-id=\"1435e38\" data-element_type=\"widget\" data-e-type=\"widget\" data-settings=\"{&quot;_animation&quot;:&quot;fadeIn&quot;}\" data-widget_type=\"text-editor.default\">\n\t\t\t\t<div class=\"elementor-widget-container\">\n\t\t\t\t\t\t\t\t\t<p>I teach piano, guitar, bass, drums, and ukulele, always according to the level and wishes of the student. We can also play more than one instrument in the same lesson.<\/p><p>You are welcome to my lessons, regardless of background and skill level, without an entrance exam. Everyone willing to learn will learn to play.<\/p><p>The main goal of my lessons is to awaken and develop the student\u2019s musicality. Ideally, the student is excited about music, and it enriches their life. I show examples of how to play and verbally create mental images to stimulate the student\u2019s creativity.<\/p><p>We will get acquainted extensively with music to find new songs to listen to and play. I make transcriptions suitable for the student\u2019s level of their favourite songs.<\/p><p>My music lessons develop<\/p><ul><li>ways to bring music to life by original interpretation<\/li><li>versatility to play different styles (such as classical, film music, chart hits, rock and jazz)<\/li><li>playing with other people and accompanying singing<\/li><li>improvisation and music composition<\/li><li>technical skills, practice techniques and independent learning skills<\/li><li>sheet music reading, music perception and theoretical understanding<\/li><\/ul><div>I organize inspiring band lessons among my students, which for many are the most fun part of playing.<\/div><div><p style=\"text-align: left;\">I coach young talents for elementary school music class or conservatory entrance exams. We will practise instrument playing, singing, music theory and prepare with example exams.<\/p><p style=\"text-align: left;\">You can also perform instrument exams at the conservatory through my lessons.<\/p><\/div>\t\t\t\t\t\t\t\t<\/div>\n\t\t\t\t<\/div>\n\t\t\t\t<div class=\"elementor-element elementor-element-b36740c elementor-widget elementor-widget-spacer\" data-id=\"b36740c\" data-element_type=\"widget\" data-e-type=\"widget\" data-widget_type=\"spacer.default\">\n\t\t\t\t<div class=\"elementor-widget-container\">\n\t\t\t\t\t\t\t<div class=\"elementor-spacer\">\n\t\t\t<div class=\"elementor-spacer-inner\"><\/div>\n\t\t<\/div>\n\t\t\t\t\t\t<\/div>\n\t\t\t\t<\/div>\n\t\t\t\t<div class=\"elementor-element elementor-element-26f3134 elementor-invisible elementor-widget elementor-widget-button\" data-id=\"26f3134\" data-element_type=\"widget\" data-e-type=\"widget\" data-settings=\"{&quot;_animation&quot;:&quot;fadeIn&quot;}\" data-widget_type=\"button.default\">\n\t\t\t\t<div class=\"elementor-widget-container\">\n\t\t\t\t\t\t\t\t\t<div class=\"elementor-button-wrapper\">\n\t\t\t\t\t<a class=\"elementor-button elementor-button-link elementor-size-sm\" href=\"https:\/\/matinmusiikki.fi\/en\/#hinnasto\">\n\t\t\t\t\t\t<span class=\"elementor-button-content-wrapper\">\n\t\t\t\t\t\t\t\t\t<span class=\"elementor-button-text\">Fees<\/span>\n\t\t\t\t\t<\/span>\n\t\t\t\t\t<\/a>\n\t\t\t\t<\/div>\n\t\t\t\t\t\t\t\t<\/div>\n\t\t\t\t<\/div>\n\t\t\t\t<div class=\"elementor-element elementor-element-aa8effb elementor-invisible elementor-widget elementor-widget-button\" data-id=\"aa8effb\" data-element_type=\"widget\" data-e-type=\"widget\" data-settings=\"{&quot;_animation&quot;:&quot;fadeIn&quot;}\" data-widget_type=\"button.default\">\n\t\t\t\t<div class=\"elementor-widget-container\">\n\t\t\t\t\t\t\t\t\t<div class=\"elementor-button-wrapper\">\n\t\t\t\t\t<a class=\"elementor-button elementor-button-link elementor-size-sm\" href=\"https:\/\/matinmusiikki.fi\/en\/#yhteystiedot\">\n\t\t\t\t\t\t<span class=\"elementor-button-content-wrapper\">\n\t\t\t\t\t\t\t\t\t<span class=\"elementor-button-text\">Contact me<\/span>\n\t\t\t\t\t<\/span>\n\t\t\t\t\t<\/a>\n\t\t\t\t<\/div>\n\t\t\t\t\t\t\t\t<\/div>\n\t\t\t\t<\/div>\n\t\t\t\t\t<\/div>\n\t\t<\/div>\n\t\t\t\t\t<\/div>\n\t\t<\/section>\n\t\t\t\t<\/div>","protected":false},"excerpt":{"rendered":"<p>Soitonopetus Opetan soittamaan pianoa, kitaraa, bassoa, rumpuja ja ukulelea aina oppilaan tason ja toiveiden mukaisesti. Voimme soittaa samalla tunnilla my\u00f6s useampaa soitinta. Olet tervetullut opetukseen taustasta tai taidoista riippumatta ilman p\u00e4\u00e4sykoetta. Soittamaan oppivat kaikki, jotka haluavat oppia. Soittotuntieni t\u00e4rkein tavoite on soittajan oman musikaalisuuden her\u00e4tt\u00e4minen ja kehitt\u00e4minen. Ihanteellisesti oppilas on innoissaan musiikista ja kokee sen&#8230;<\/p>","protected":false},"author":1,"featured_media":0,"parent":0,"menu_order":1,"comment_status":"closed","ping_status":"closed","template":"","meta":{"_kadence_starter_templates_imported_post":false,"_kad_post_transparent":"","_kad_post_title":"hide","_kad_post_layout":"fullwidth","_kad_post_sidebar_id":"","_kad_post_content_style":"unboxed","_kad_post_vertical_padding":"hide","_kad_post_feature":"hide","_kad_post_feature_position":"","_kad_post_header":false,"_kad_post_footer":false,"_kad_post_classname":"","footnotes":""},"class_list":["post-78","page","type-page","status-publish","hentry"],"yoast_head":"<!-- This site is optimized with the Yoast SEO plugin v27.6 - https:\/\/yoast.com\/product\/yoast-seo-wordpress\/ -->\n<title>Soitonopetus - Soittotunnit - Pianotunnit - Kitaratunnit - Bassotunnit<\/title>\n<meta name=\"description\" content=\"Soitonopetusta ja esiintymispalveluja Kuopiossa. Tutustumistunti puoleen hintaan! Soittotunnit, pianotunnit, kitaratunnit ja bassotunnit.\" \/>\n<meta name=\"robots\" content=\"index, follow, max-snippet:-1, max-image-preview:large, max-video-preview:-1\" \/>\n<link rel=\"canonical\" href=\"https:\/\/matinmusiikki.fi\/en\/soitonopetus\/\" \/>\n<meta property=\"og:locale\" content=\"en_GB\" \/>\n<meta property=\"og:type\" content=\"article\" \/>\n<meta property=\"og:title\" content=\"Soitonopetus - Soittotunnit - Pianotunnit - Kitaratunnit - Bassotunnit\" \/>\n<meta property=\"og:description\" content=\"Soitonopetusta ja esiintymispalveluja Kuopiossa. Tutustumistunti puoleen hintaan! Soittotunnit, pianotunnit, kitaratunnit ja bassotunnit.\" \/>\n<meta property=\"og:url\" content=\"https:\/\/matinmusiikki.fi\/en\/soitonopetus\/\" \/>\n<meta property=\"og:site_name\" content=\"Matin musiikki\" \/>\n<meta property=\"article:modified_time\" content=\"2025-06-18T12:27:33+00:00\" \/>\n<meta property=\"og:image\" content=\"https:\/\/matinmusiikki.fi\/wp-content\/uploads\/2021\/05\/matin-musiikki-matti-ritvanen-kuvitus-02.png\" \/>\n\t<meta property=\"og:image:width\" content=\"627\" \/>\n\t<meta property=\"og:image:height\" content=\"600\" \/>\n\t<meta property=\"og:image:type\" content=\"image\/png\" \/>\n<meta name=\"twitter:card\" content=\"summary_large_image\" \/>\n<meta name=\"twitter:label1\" content=\"Estimated reading time\" \/>\n\t<meta name=\"twitter:data1\" content=\"2 minutes\" \/>\n<script type=\"application\/ld+json\" class=\"yoast-schema-graph\">{\"@context\":\"https:\\\/\\\/schema.org\",\"@graph\":[{\"@type\":\"WebPage\",\"@id\":\"https:\\\/\\\/matinmusiikki.fi\\\/soitonopetus\\\/\",\"url\":\"https:\\\/\\\/matinmusiikki.fi\\\/soitonopetus\\\/\",\"name\":\"Soitonopetus - Soittotunnit - Pianotunnit - Kitaratunnit - Bassotunnit\",\"isPartOf\":{\"@id\":\"https:\\\/\\\/matinmusiikki.fi\\\/#website\"},\"primaryImageOfPage\":{\"@id\":\"https:\\\/\\\/matinmusiikki.fi\\\/soitonopetus\\\/#primaryimage\"},\"image\":{\"@id\":\"https:\\\/\\\/matinmusiikki.fi\\\/soitonopetus\\\/#primaryimage\"},\"thumbnailUrl\":\"https:\\\/\\\/matinmusiikki.fi\\\/wp-content\\\/uploads\\\/2021\\\/05\\\/matin-musiikki-matti-ritvanen-kuvitus-02.png\",\"datePublished\":\"2021-05-06T11:35:09+00:00\",\"dateModified\":\"2025-06-18T12:27:33+00:00\",\"description\":\"Soitonopetusta ja esiintymispalveluja Kuopiossa. Tutustumistunti puoleen hintaan! Soittotunnit, pianotunnit, kitaratunnit ja bassotunnit.\",\"breadcrumb\":{\"@id\":\"https:\\\/\\\/matinmusiikki.fi\\\/soitonopetus\\\/#breadcrumb\"},\"inLanguage\":\"en-GB\",\"potentialAction\":[{\"@type\":\"ReadAction\",\"target\":[\"https:\\\/\\\/matinmusiikki.fi\\\/soitonopetus\\\/\"]}]},{\"@type\":\"ImageObject\",\"inLanguage\":\"en-GB\",\"@id\":\"https:\\\/\\\/matinmusiikki.fi\\\/soitonopetus\\\/#primaryimage\",\"url\":\"https:\\\/\\\/matinmusiikki.fi\\\/wp-content\\\/uploads\\\/2021\\\/05\\\/matin-musiikki-matti-ritvanen-kuvitus-02.png\",\"contentUrl\":\"https:\\\/\\\/matinmusiikki.fi\\\/wp-content\\\/uploads\\\/2021\\\/05\\\/matin-musiikki-matti-ritvanen-kuvitus-02.png\"},{\"@type\":\"BreadcrumbList\",\"@id\":\"https:\\\/\\\/matinmusiikki.fi\\\/soitonopetus\\\/#breadcrumb\",\"itemListElement\":[{\"@type\":\"ListItem\",\"position\":1,\"name\":\"Etusivu\",\"item\":\"https:\\\/\\\/matinmusiikki.fi\\\/\"},{\"@type\":\"ListItem\",\"position\":2,\"name\":\"Soitonopetus\"}]},{\"@type\":\"WebSite\",\"@id\":\"https:\\\/\\\/matinmusiikki.fi\\\/#website\",\"url\":\"https:\\\/\\\/matinmusiikki.fi\\\/\",\"name\":\"Matin musiikki\",\"description\":\"Musiikinopettaja Matti Ritvanen. Soitonopetusta ja esiintymispalveluja Kuopiossa.\",\"publisher\":{\"@id\":\"https:\\\/\\\/matinmusiikki.fi\\\/#organization\"},\"potentialAction\":[{\"@type\":\"SearchAction\",\"target\":{\"@type\":\"EntryPoint\",\"urlTemplate\":\"https:\\\/\\\/matinmusiikki.fi\\\/?s={search_term_string}\"},\"query-input\":{\"@type\":\"PropertyValueSpecification\",\"valueRequired\":true,\"valueName\":\"search_term_string\"}}],\"inLanguage\":\"en-GB\"},{\"@type\":\"Organization\",\"@id\":\"https:\\\/\\\/matinmusiikki.fi\\\/#organization\",\"name\":\"Matin musiikki\",\"url\":\"https:\\\/\\\/matinmusiikki.fi\\\/\",\"logo\":{\"@type\":\"ImageObject\",\"inLanguage\":\"en-GB\",\"@id\":\"https:\\\/\\\/matinmusiikki.fi\\\/#\\\/schema\\\/logo\\\/image\\\/\",\"url\":\"https:\\\/\\\/matinmusiikki.fi\\\/wp-content\\\/uploads\\\/2021\\\/05\\\/matin-musiikki-matti-ritvanen-logo.png\",\"contentUrl\":\"https:\\\/\\\/matinmusiikki.fi\\\/wp-content\\\/uploads\\\/2021\\\/05\\\/matin-musiikki-matti-ritvanen-logo.png\",\"width\":242,\"height\":125,\"caption\":\"Matin musiikki\"},\"image\":{\"@id\":\"https:\\\/\\\/matinmusiikki.fi\\\/#\\\/schema\\\/logo\\\/image\\\/\"}}]}<\/script>\n<!-- \/ Yoast SEO plugin. -->","yoast_head_json":{"title":"Soitonopetus - Soittotunnit - Pianotunnit - Kitaratunnit - Bassotunnit","description":"Soitonopetusta ja esiintymispalveluja Kuopiossa. Tutustumistunti puoleen hintaan! Soittotunnit, pianotunnit, kitaratunnit ja bassotunnit.","robots":{"index":"index","follow":"follow","max-snippet":"max-snippet:-1","max-image-preview":"max-image-preview:large","max-video-preview":"max-video-preview:-1"},"canonical":"https:\/\/matinmusiikki.fi\/en\/soitonopetus\/","og_locale":"en_GB","og_type":"article","og_title":"Soitonopetus - Soittotunnit - Pianotunnit - Kitaratunnit - Bassotunnit","og_description":"Soitonopetusta ja esiintymispalveluja Kuopiossa. Tutustumistunti puoleen hintaan! Soittotunnit, pianotunnit, kitaratunnit ja bassotunnit.","og_url":"https:\/\/matinmusiikki.fi\/en\/soitonopetus\/","og_site_name":"Matin musiikki","article_modified_time":"2025-06-18T12:27:33+00:00","og_image":[{"width":627,"height":600,"url":"https:\/\/matinmusiikki.fi\/wp-content\/uploads\/2021\/05\/matin-musiikki-matti-ritvanen-kuvitus-02.png","type":"image\/png"}],"twitter_card":"summary_large_image","twitter_misc":{"Estimated reading time":"2 minutes"},"schema":{"@context":"https:\/\/schema.org","@graph":[{"@type":"WebPage","@id":"https:\/\/matinmusiikki.fi\/soitonopetus\/","url":"https:\/\/matinmusiikki.fi\/soitonopetus\/","name":"Soitonopetus - Soittotunnit - Pianotunnit - Kitaratunnit - Bassotunnit","isPartOf":{"@id":"https:\/\/matinmusiikki.fi\/#website"},"primaryImageOfPage":{"@id":"https:\/\/matinmusiikki.fi\/soitonopetus\/#primaryimage"},"image":{"@id":"https:\/\/matinmusiikki.fi\/soitonopetus\/#primaryimage"},"thumbnailUrl":"https:\/\/matinmusiikki.fi\/wp-content\/uploads\/2021\/05\/matin-musiikki-matti-ritvanen-kuvitus-02.png","datePublished":"2021-05-06T11:35:09+00:00","dateModified":"2025-06-18T12:27:33+00:00","description":"Soitonopetusta ja esiintymispalveluja Kuopiossa. Tutustumistunti puoleen hintaan! Soittotunnit, pianotunnit, kitaratunnit ja bassotunnit.","breadcrumb":{"@id":"https:\/\/matinmusiikki.fi\/soitonopetus\/#breadcrumb"},"inLanguage":"en-GB","potentialAction":[{"@type":"ReadAction","target":["https:\/\/matinmusiikki.fi\/soitonopetus\/"]}]},{"@type":"ImageObject","inLanguage":"en-GB","@id":"https:\/\/matinmusiikki.fi\/soitonopetus\/#primaryimage","url":"https:\/\/matinmusiikki.fi\/wp-content\/uploads\/2021\/05\/matin-musiikki-matti-ritvanen-kuvitus-02.png","contentUrl":"https:\/\/matinmusiikki.fi\/wp-content\/uploads\/2021\/05\/matin-musiikki-matti-ritvanen-kuvitus-02.png"},{"@type":"BreadcrumbList","@id":"https:\/\/matinmusiikki.fi\/soitonopetus\/#breadcrumb","itemListElement":[{"@type":"ListItem","position":1,"name":"Etusivu","item":"https:\/\/matinmusiikki.fi\/"},{"@type":"ListItem","position":2,"name":"Soitonopetus"}]},{"@type":"WebSite","@id":"https:\/\/matinmusiikki.fi\/#website","url":"https:\/\/matinmusiikki.fi\/","name":"Matin musiikki","description":"Musiikinopettaja Matti Ritvanen. Soitonopetusta ja esiintymispalveluja Kuopiossa.","publisher":{"@id":"https:\/\/matinmusiikki.fi\/#organization"},"potentialAction":[{"@type":"SearchAction","target":{"@type":"EntryPoint","urlTemplate":"https:\/\/matinmusiikki.fi\/?s={search_term_string}"},"query-input":{"@type":"PropertyValueSpecification","valueRequired":true,"valueName":"search_term_string"}}],"inLanguage":"en-GB"},{"@type":"Organization","@id":"https:\/\/matinmusiikki.fi\/#organization","name":"Matin musiikki","url":"https:\/\/matinmusiikki.fi\/","logo":{"@type":"ImageObject","inLanguage":"en-GB","@id":"https:\/\/matinmusiikki.fi\/#\/schema\/logo\/image\/","url":"https:\/\/matinmusiikki.fi\/wp-content\/uploads\/2021\/05\/matin-musiikki-matti-ritvanen-logo.png","contentUrl":"https:\/\/matinmusiikki.fi\/wp-content\/uploads\/2021\/05\/matin-musiikki-matti-ritvanen-logo.png","width":242,"height":125,"caption":"Matin musiikki"},"image":{"@id":"https:\/\/matinmusiikki.fi\/#\/schema\/logo\/image\/"}}]}},"_links":{"self":[{"href":"https:\/\/matinmusiikki.fi\/en\/wp-json\/wp\/v2\/pages\/78","targetHints":{"allow":["GET"]}}],"collection":[{"href":"https:\/\/matinmusiikki.fi\/en\/wp-json\/wp\/v2\/pages"}],"about":[{"href":"https:\/\/matinmusiikki.fi\/en\/wp-json\/wp\/v2\/types\/page"}],"author":[{"embeddable":true,"href":"https:\/\/matinmusiikki.fi\/en\/wp-json\/wp\/v2\/users\/1"}],"replies":[{"embeddable":true,"href":"https:\/\/matinmusiikki.fi\/en\/wp-json\/wp\/v2\/comments?post=78"}],"version-history":[{"count":66,"href":"https:\/\/matinmusiikki.fi\/en\/wp-json\/wp\/v2\/pages\/78\/revisions"}],"predecessor-version":[{"id":872,"href":"https:\/\/matinmusiikki.fi\/en\/wp-json\/wp\/v2\/pages\/78\/revisions\/872"}],"wp:attachment":[{"href":"https:\/\/matinmusiikki.fi\/en\/wp-json\/wp\/v2\/media?parent=78"}],"curies":[{"name":"wp","href":"https:\/\/api.w.org\/{rel}","templated":true}]}}