{"id":3,"date":"2021-04-19T16:06:56","date_gmt":"2021-04-19T13:06:56","guid":{"rendered":"http:\/\/u64453.www2.webdomain.fi\/?page_id=3"},"modified":"2024-08-05T15:16:31","modified_gmt":"2024-08-05T12:16:31","slug":"tietosuojaseloste","status":"publish","type":"page","link":"https:\/\/matinmusiikki.fi\/en\/tietosuojaseloste\/","title":{"rendered":"Registry and Privacy Statement"},"content":{"rendered":"<div data-elementor-type=\"wp-page\" data-elementor-id=\"3\" class=\"elementor elementor-3\">\n\t\t\t\t\t\t<section class=\"elementor-section elementor-top-section elementor-element elementor-element-4570a265 elementor-section-boxed elementor-section-height-default elementor-section-height-default\" data-id=\"4570a265\" data-element_type=\"section\" data-e-type=\"section\">\n\t\t\t\t\t\t<div class=\"elementor-container elementor-column-gap-default\">\n\t\t\t\t\t<div class=\"elementor-column elementor-col-100 elementor-top-column elementor-element elementor-element-7aab4ab\" data-id=\"7aab4ab\" data-element_type=\"column\" data-e-type=\"column\">\n\t\t\t<div class=\"elementor-widget-wrap elementor-element-populated\">\n\t\t\t\t\t\t<div class=\"elementor-element elementor-element-511d8b3 elementor-widget elementor-widget-heading\" data-id=\"511d8b3\" data-element_type=\"widget\" data-e-type=\"widget\" data-widget_type=\"heading.default\">\n\t\t\t\t<div class=\"elementor-widget-container\">\n\t\t\t\t\t<h2 class=\"elementor-heading-title elementor-size-default\">Registry and Privacy Statement<\/h2>\t\t\t\t<\/div>\n\t\t\t\t<\/div>\n\t\t\t\t<div class=\"elementor-element elementor-element-5adb7bb5 elementor-widget elementor-widget-text-editor\" data-id=\"5adb7bb5\" data-element_type=\"widget\" data-e-type=\"widget\" data-widget_type=\"text-editor.default\">\n\t\t\t\t<div class=\"elementor-widget-container\">\n\t\t\t\t\t\t\t\t\t<h3><strong>1. Registrar<\/strong><\/h3><p>Toiminimi Matti Ritvanen <br \/>Matti Ritvanen <br \/>040 4638034<br \/>matti (at) matinmusiikki.fi<br \/>Minna Canthin katu 66 B 3, 70100 Kuopio <br \/>Business ID: 2675846-9<\/p><h3><strong>2. Purpose of keeping the register<\/strong><\/h3><p>The purpose of collecting personal data is to communicate with customers, invoicing, and develop and analyse operational activity.<\/p><h3>3. Information contained in the register<\/h3><p>The register may contain the following information:<\/p><ul><li>First name and primary contact method (phone number or e-mail address) of the client<\/li><li>Customer relationship information such as start and end dates of the customer service, lesson and performance dates, customer feedback and contacts<\/li><li>Billing information (dates of paid invoices, does not include bank account numbers)<\/li><\/ul><h3>4. Sources of information<\/h3><p>The register obtains information from the customer, e.g. messages sent via web forms, e-mail, telephone, customer appointments and other situations in which they disclose their information.<\/p><p>The registrar can also collect contact information for companies and other organizations from public sources such as websites and directory services.<\/p><h3>5. Disclosure of information<\/h3><p>The information shall not be passed on, except for accounting-relevant information on payment transactions.<\/p><h3>6. Data retention period<\/h3><p>Personal information is retained only for as long as is necessary to manage the customer relationship or develop and analyse operational activity. The registrar then deletes the contact information, after which it is not possible to identify the customer.<\/p><h3>7. Cookies<\/h3><p>This website uses cookies. The cookies can be valid for either a single session or for a more extended period. A cookie is a small text file stored on a user\u2019s device when he or she visits a web service in a browser. The website uses cookies to ensure full functionality and improve the user experience of the service. Cookies do not identify an individual user.<\/p><p>You can prevent cookies from being stored by changing your browser\u2019s security settings. Note, however, that you possibly can\u2019t use all functions of the online services without cookies.<\/p><p>The pages contain embedded content, such as YouTube content. Opening such content is the same thing as visiting that site. These third-party sites may collect information and use their own cookies following their own terms.\u00a0\u00a0\u00a0<\/p><h3>8. Your rights<\/h3><p>Everyone in the register has the right<\/p><ul><li>to check his\/her data stored in the register<\/li><li>require the correction of any incorrect information or the filling of incomplete information<\/li><li>request the deletion of the data<\/li><\/ul><p>To check the data stored about him or her or request a correction, the customer must send the request by writing to the registrar. If necessary, the registrar may ask the applicant to prove his or her identity. The controller will respond to the customer within the timeframe set out in the EU Data Protection Regulation (generally within one month).<\/p><p>You can find contact information in section 1.<\/p>\t\t\t\t\t\t\t\t<\/div>\n\t\t\t\t<\/div>\n\t\t\t\t\t<\/div>\n\t\t<\/div>\n\t\t\t\t\t<\/div>\n\t\t<\/section>\n\t\t\t\t<\/div>","protected":false},"excerpt":{"rendered":"<p>Rekisteri- ja tietosuojaseloste 1. Rekisterinpit\u00e4j\u00e4 Toiminimi Matti Ritvanen Matti Ritvanen 040 4638034matti (at) matinmusiikki.fiMinna Canthin katu 66 B 3, 70100 Kuopio Y-tunnus: 2675846-9 2. Rekisterin k\u00e4ytt\u00f6tarkoitus Henkil\u00f6tietojen k\u00e4sittelyn tarkoitus on yhteydenpito asiakkaisiin, laskutus, toiminnan kehitt\u00e4minen ja toiminnan aktiivisuuden analysointi. 3. Rekisterin sis\u00e4lt\u00e4m\u00e4t tiedot Rekisteri voi sis\u00e4lt\u00e4\u00e4 seuraavia tietoja: Asiakkaan etunimen ja ensisijaisen yhteystiedon (puhelinnumero tai&#8230;<\/p>","protected":false},"author":1,"featured_media":0,"parent":0,"menu_order":6,"comment_status":"closed","ping_status":"closed","template":"","meta":{"_kadence_starter_templates_imported_post":false,"_kad_post_transparent":"","_kad_post_title":"","_kad_post_layout":"","_kad_post_sidebar_id":"","_kad_post_content_style":"","_kad_post_vertical_padding":"","_kad_post_feature":"","_kad_post_feature_position":"","_kad_post_header":false,"_kad_post_footer":false,"_kad_post_classname":"","footnotes":""},"class_list":["post-3","page","type-page","status-publish","hentry"],"yoast_head":"<!-- This site is optimized with the Yoast SEO plugin v27.6 - https:\/\/yoast.com\/product\/yoast-seo-wordpress\/ -->\n<title>Rekisteri- ja tietosuojaseloste - Matin musiikki<\/title>\n<meta name=\"robots\" content=\"index, follow, max-snippet:-1, max-image-preview:large, max-video-preview:-1\" \/>\n<link rel=\"canonical\" href=\"https:\/\/matinmusiikki.fi\/en\/tietosuojaseloste\/\" \/>\n<meta property=\"og:locale\" content=\"en_GB\" \/>\n<meta property=\"og:type\" content=\"article\" \/>\n<meta property=\"og:title\" content=\"Rekisteri- ja tietosuojaseloste - Matin musiikki\" \/>\n<meta property=\"og:description\" content=\"Rekisteri- ja tietosuojaseloste 1. Rekisterinpit\u00e4j\u00e4 Toiminimi Matti Ritvanen Matti Ritvanen 040 4638034matti (at) matinmusiikki.fiMinna Canthin katu 66 B 3, 70100 Kuopio Y-tunnus: 2675846-9 2. Rekisterin k\u00e4ytt\u00f6tarkoitus Henkil\u00f6tietojen k\u00e4sittelyn tarkoitus on yhteydenpito asiakkaisiin, laskutus, toiminnan kehitt\u00e4minen ja toiminnan aktiivisuuden analysointi. 3. Rekisterin sis\u00e4lt\u00e4m\u00e4t tiedot Rekisteri voi sis\u00e4lt\u00e4\u00e4 seuraavia tietoja: Asiakkaan etunimen ja ensisijaisen yhteystiedon (puhelinnumero tai...\" \/>\n<meta property=\"og:url\" content=\"https:\/\/matinmusiikki.fi\/en\/tietosuojaseloste\/\" \/>\n<meta property=\"og:site_name\" content=\"Matin musiikki\" \/>\n<meta property=\"article:modified_time\" content=\"2024-08-05T12:16:31+00:00\" \/>\n<meta name=\"twitter:card\" content=\"summary_large_image\" \/>\n<meta name=\"twitter:label1\" content=\"Estimated reading time\" \/>\n\t<meta name=\"twitter:data1\" content=\"3 minutes\" \/>\n<script type=\"application\/ld+json\" class=\"yoast-schema-graph\">{\"@context\":\"https:\\\/\\\/schema.org\",\"@graph\":[{\"@type\":\"WebPage\",\"@id\":\"https:\\\/\\\/matinmusiikki.fi\\\/tietosuojaseloste\\\/\",\"url\":\"https:\\\/\\\/matinmusiikki.fi\\\/tietosuojaseloste\\\/\",\"name\":\"Rekisteri- ja tietosuojaseloste - Matin musiikki\",\"isPartOf\":{\"@id\":\"https:\\\/\\\/matinmusiikki.fi\\\/#website\"},\"datePublished\":\"2021-04-19T13:06:56+00:00\",\"dateModified\":\"2024-08-05T12:16:31+00:00\",\"breadcrumb\":{\"@id\":\"https:\\\/\\\/matinmusiikki.fi\\\/tietosuojaseloste\\\/#breadcrumb\"},\"inLanguage\":\"en-GB\",\"potentialAction\":[{\"@type\":\"ReadAction\",\"target\":[\"https:\\\/\\\/matinmusiikki.fi\\\/tietosuojaseloste\\\/\"]}]},{\"@type\":\"BreadcrumbList\",\"@id\":\"https:\\\/\\\/matinmusiikki.fi\\\/tietosuojaseloste\\\/#breadcrumb\",\"itemListElement\":[{\"@type\":\"ListItem\",\"position\":1,\"name\":\"Etusivu\",\"item\":\"https:\\\/\\\/matinmusiikki.fi\\\/\"},{\"@type\":\"ListItem\",\"position\":2,\"name\":\"Rekisteri- ja tietosuojaseloste\"}]},{\"@type\":\"WebSite\",\"@id\":\"https:\\\/\\\/matinmusiikki.fi\\\/#website\",\"url\":\"https:\\\/\\\/matinmusiikki.fi\\\/\",\"name\":\"Matin musiikki\",\"description\":\"Musiikinopettaja Matti Ritvanen. Soitonopetusta ja esiintymispalveluja Kuopiossa.\",\"publisher\":{\"@id\":\"https:\\\/\\\/matinmusiikki.fi\\\/#organization\"},\"potentialAction\":[{\"@type\":\"SearchAction\",\"target\":{\"@type\":\"EntryPoint\",\"urlTemplate\":\"https:\\\/\\\/matinmusiikki.fi\\\/?s={search_term_string}\"},\"query-input\":{\"@type\":\"PropertyValueSpecification\",\"valueRequired\":true,\"valueName\":\"search_term_string\"}}],\"inLanguage\":\"en-GB\"},{\"@type\":\"Organization\",\"@id\":\"https:\\\/\\\/matinmusiikki.fi\\\/#organization\",\"name\":\"Matin musiikki\",\"url\":\"https:\\\/\\\/matinmusiikki.fi\\\/\",\"logo\":{\"@type\":\"ImageObject\",\"inLanguage\":\"en-GB\",\"@id\":\"https:\\\/\\\/matinmusiikki.fi\\\/#\\\/schema\\\/logo\\\/image\\\/\",\"url\":\"https:\\\/\\\/matinmusiikki.fi\\\/wp-content\\\/uploads\\\/2021\\\/05\\\/matin-musiikki-matti-ritvanen-logo.png\",\"contentUrl\":\"https:\\\/\\\/matinmusiikki.fi\\\/wp-content\\\/uploads\\\/2021\\\/05\\\/matin-musiikki-matti-ritvanen-logo.png\",\"width\":242,\"height\":125,\"caption\":\"Matin musiikki\"},\"image\":{\"@id\":\"https:\\\/\\\/matinmusiikki.fi\\\/#\\\/schema\\\/logo\\\/image\\\/\"}}]}<\/script>\n<!-- \/ Yoast SEO plugin. -->","yoast_head_json":{"title":"Rekisteri- ja tietosuojaseloste - Matin musiikki","robots":{"index":"index","follow":"follow","max-snippet":"max-snippet:-1","max-image-preview":"max-image-preview:large","max-video-preview":"max-video-preview:-1"},"canonical":"https:\/\/matinmusiikki.fi\/en\/tietosuojaseloste\/","og_locale":"en_GB","og_type":"article","og_title":"Rekisteri- ja tietosuojaseloste - Matin musiikki","og_description":"Rekisteri- ja tietosuojaseloste 1. Rekisterinpit\u00e4j\u00e4 Toiminimi Matti Ritvanen Matti Ritvanen 040 4638034matti (at) matinmusiikki.fiMinna Canthin katu 66 B 3, 70100 Kuopio Y-tunnus: 2675846-9 2. Rekisterin k\u00e4ytt\u00f6tarkoitus Henkil\u00f6tietojen k\u00e4sittelyn tarkoitus on yhteydenpito asiakkaisiin, laskutus, toiminnan kehitt\u00e4minen ja toiminnan aktiivisuuden analysointi. 3. Rekisterin sis\u00e4lt\u00e4m\u00e4t tiedot Rekisteri voi sis\u00e4lt\u00e4\u00e4 seuraavia tietoja: Asiakkaan etunimen ja ensisijaisen yhteystiedon (puhelinnumero tai...","og_url":"https:\/\/matinmusiikki.fi\/en\/tietosuojaseloste\/","og_site_name":"Matin musiikki","article_modified_time":"2024-08-05T12:16:31+00:00","twitter_card":"summary_large_image","twitter_misc":{"Estimated reading time":"3 minutes"},"schema":{"@context":"https:\/\/schema.org","@graph":[{"@type":"WebPage","@id":"https:\/\/matinmusiikki.fi\/tietosuojaseloste\/","url":"https:\/\/matinmusiikki.fi\/tietosuojaseloste\/","name":"Rekisteri- ja tietosuojaseloste - Matin musiikki","isPartOf":{"@id":"https:\/\/matinmusiikki.fi\/#website"},"datePublished":"2021-04-19T13:06:56+00:00","dateModified":"2024-08-05T12:16:31+00:00","breadcrumb":{"@id":"https:\/\/matinmusiikki.fi\/tietosuojaseloste\/#breadcrumb"},"inLanguage":"en-GB","potentialAction":[{"@type":"ReadAction","target":["https:\/\/matinmusiikki.fi\/tietosuojaseloste\/"]}]},{"@type":"BreadcrumbList","@id":"https:\/\/matinmusiikki.fi\/tietosuojaseloste\/#breadcrumb","itemListElement":[{"@type":"ListItem","position":1,"name":"Etusivu","item":"https:\/\/matinmusiikki.fi\/"},{"@type":"ListItem","position":2,"name":"Rekisteri- ja tietosuojaseloste"}]},{"@type":"WebSite","@id":"https:\/\/matinmusiikki.fi\/#website","url":"https:\/\/matinmusiikki.fi\/","name":"Matin musiikki","description":"Musiikinopettaja Matti Ritvanen. Soitonopetusta ja esiintymispalveluja Kuopiossa.","publisher":{"@id":"https:\/\/matinmusiikki.fi\/#organization"},"potentialAction":[{"@type":"SearchAction","target":{"@type":"EntryPoint","urlTemplate":"https:\/\/matinmusiikki.fi\/?s={search_term_string}"},"query-input":{"@type":"PropertyValueSpecification","valueRequired":true,"valueName":"search_term_string"}}],"inLanguage":"en-GB"},{"@type":"Organization","@id":"https:\/\/matinmusiikki.fi\/#organization","name":"Matin musiikki","url":"https:\/\/matinmusiikki.fi\/","logo":{"@type":"ImageObject","inLanguage":"en-GB","@id":"https:\/\/matinmusiikki.fi\/#\/schema\/logo\/image\/","url":"https:\/\/matinmusiikki.fi\/wp-content\/uploads\/2021\/05\/matin-musiikki-matti-ritvanen-logo.png","contentUrl":"https:\/\/matinmusiikki.fi\/wp-content\/uploads\/2021\/05\/matin-musiikki-matti-ritvanen-logo.png","width":242,"height":125,"caption":"Matin musiikki"},"image":{"@id":"https:\/\/matinmusiikki.fi\/#\/schema\/logo\/image\/"}}]}},"_links":{"self":[{"href":"https:\/\/matinmusiikki.fi\/en\/wp-json\/wp\/v2\/pages\/3","targetHints":{"allow":["GET"]}}],"collection":[{"href":"https:\/\/matinmusiikki.fi\/en\/wp-json\/wp\/v2\/pages"}],"about":[{"href":"https:\/\/matinmusiikki.fi\/en\/wp-json\/wp\/v2\/types\/page"}],"author":[{"embeddable":true,"href":"https:\/\/matinmusiikki.fi\/en\/wp-json\/wp\/v2\/users\/1"}],"replies":[{"embeddable":true,"href":"https:\/\/matinmusiikki.fi\/en\/wp-json\/wp\/v2\/comments?post=3"}],"version-history":[{"count":41,"href":"https:\/\/matinmusiikki.fi\/en\/wp-json\/wp\/v2\/pages\/3\/revisions"}],"predecessor-version":[{"id":831,"href":"https:\/\/matinmusiikki.fi\/en\/wp-json\/wp\/v2\/pages\/3\/revisions\/831"}],"wp:attachment":[{"href":"https:\/\/matinmusiikki.fi\/en\/wp-json\/wp\/v2\/media?parent=3"}],"curies":[{"name":"wp","href":"https:\/\/api.w.org\/{rel}","templated":true}]}}